{"id":1080,"date":"2026-02-19T18:13:21","date_gmt":"2026-02-19T17:13:21","guid":{"rendered":"https:\/\/license.deratix.com\/domov-cs\/"},"modified":"2026-02-20T14:36:57","modified_gmt":"2026-02-20T13:36:57","slug":"domov-cs","status":"publish","type":"page","link":"https:\/\/license.deratix.com\/cs\/","title":{"rendered":"Domov"},"content":{"rendered":"\n<h1 class=\"has-text-align-center wp-block-heading\" style=\"margin-bottom:0.75rem\">Licen\u010dn\u00ed port\u00e1l Deratix<\/h1>\n\n\n\n<p class=\"has-text-align-center\" style=\"margin-bottom:2.5rem;font-size:1.125rem\">Zakupte si licenci nebo spravujte va\u0161e st\u00e1vaj\u00edc\u00ed p\u0159edplatn\u00e9.<\/p>\n\n\n\n<div class=\"wp-block-columns dpl-home-cards is-layout-flex wp-container-core-columns-is-layout-47432679 wp-block-columns-is-layout-flex\">\n\n\n<div class=\"wp-block-column is-layout-flow wp-block-column-is-layout-flow\">\n\n<div class=\"wp-block-group dpl-home-card is-layout-flow wp-block-group-is-layout-flow\" style=\"padding:2rem 1.5rem\">\n\n\n<div class=\"dpl-home-icon\">\n<svg xmlns=\"http:\/\/www.w3.org\/2000\/svg\" width=\"48\" height=\"48\" viewBox=\"0 0 24 24\" fill=\"none\" stroke=\"currentColor\" stroke-width=\"1.5\" stroke-linecap=\"round\" stroke-linejoin=\"round\"><rect x=\"2\" y=\"7\" width=\"20\" height=\"14\" rx=\"2\" ry=\"2\"\/><path d=\"M16 21V5a2 2 0 0 0-2-2h-4a2 2 0 0 0-2 2v16\"\/><\/svg>\n<\/div>\n\n\n\n<h2 class=\"has-text-align-center wp-block-heading\" style=\"margin-bottom:0.5rem;font-size:1.375rem\">Koupit licenci<\/h2>\n\n\n\n<p class=\"has-text-align-center\" style=\"margin-bottom:1.5rem\">Prohl\u00e9dn\u011bte si na\u0161e pl\u00e1ny a dopl\u0148ky pro va\u0161i firmu.<\/p>\n\n\n\n<div class=\"wp-block-buttons is-content-justification-center is-layout-flex wp-container-core-buttons-is-layout-a89b3969 wp-block-buttons-is-layout-flex\">\n\n<div class=\"wp-block-button dpl-home-btn\"><a class=\"wp-block-button__link wp-element-button\" href=\"\/cs\/cenik\/\">Zobrazit cen\u00edk<\/a><\/div>\n\n<\/div>\n\n\n<\/div>\n\n<\/div>\n\n\n\n<div class=\"wp-block-column is-layout-flow wp-block-column-is-layout-flow\">\n\n<div class=\"wp-block-group dpl-home-card is-layout-flow wp-block-group-is-layout-flow\" style=\"padding:2rem 1.5rem\">\n\n\n<div class=\"dpl-home-icon\">\n<svg xmlns=\"http:\/\/www.w3.org\/2000\/svg\" width=\"48\" height=\"48\" viewBox=\"0 0 24 24\" fill=\"none\" stroke=\"currentColor\" stroke-width=\"1.5\" stroke-linecap=\"round\" stroke-linejoin=\"round\"><path d=\"M20 21v-2a4 4 0 0 0-4-4H8a4 4 0 0 0-4 4v2\"\/><circle cx=\"12\" cy=\"7\" r=\"4\"\/><\/svg>\n<\/div>\n\n\n\n<h2 class=\"has-text-align-center wp-block-heading\" style=\"margin-bottom:0.5rem;font-size:1.375rem\">Spr\u00e1va \u00fa\u010dtu<\/h2>\n\n\n\n<p class=\"has-text-align-center\" style=\"margin-bottom:1.5rem\">P\u0159ihlaste se pro spr\u00e1vu p\u0159edplatn\u00e9ho a nastaven\u00ed.<\/p>\n\n\n\n<div class=\"wp-block-buttons is-content-justification-center is-layout-flex wp-container-core-buttons-is-layout-a89b3969 wp-block-buttons-is-layout-flex\">\n\n<div class=\"wp-block-button dpl-home-btn dpl-home-btn--outline\"><a class=\"wp-block-button__link wp-element-button\" href=\"\/cs\/muj-ucet\/\">P\u0159ihl\u00e1sit se<\/a><\/div>\n\n<\/div>\n\n\n<\/div>\n\n<\/div>\n\n\n<\/div>\n\n\n\n<div class=\"wp-block-group dpl-home-promo is-layout-flow wp-block-group-is-layout-flow\" style=\"margin-top:3rem;padding:1.25rem 1.5rem\">\n\n<p class=\"has-text-align-center\">Chcete se dozv\u011bd\u011bt v\u00edce o aplikaci Deratix? Nav\u0161tivte <a href=\"https:\/\/deratix.cz\" target=\"_blank\" rel=\"noopener noreferrer\">deratix.cz<\/a><\/p>\n\n<\/div>\n","protected":false},"excerpt":{"rendered":"<p>Licen\u010dn\u00ed port\u00e1l Deratix Zakupte si licenci nebo spravujte va\u0161e st\u00e1vaj\u00edc\u00ed p\u0159edplatn\u00e9. Koupit licenci Prohl\u00e9dn\u011bte si na\u0161e pl\u00e1ny a dopl\u0148ky pro va\u0161i firmu. Spr\u00e1va \u00fa\u010dtu P\u0159ihlaste se pro spr\u00e1vu p\u0159edplatn\u00e9ho a nastaven\u00ed. Chcete se dozv\u011bd\u011bt v\u00edce o aplikaci Deratix? Nav\u0161tivte deratix.cz<\/p>\n","protected":false},"author":0,"featured_media":0,"parent":0,"menu_order":0,"comment_status":"closed","ping_status":"closed","template":"","meta":{"footnotes":""},"class_list":["post-1080","page","type-page","status-publish","hentry"],"_links":{"self":[{"href":"https:\/\/license.deratix.com\/cs\/wp-json\/wp\/v2\/pages\/1080","targetHints":{"allow":["GET"]}}],"collection":[{"href":"https:\/\/license.deratix.com\/cs\/wp-json\/wp\/v2\/pages"}],"about":[{"href":"https:\/\/license.deratix.com\/cs\/wp-json\/wp\/v2\/types\/page"}],"replies":[{"embeddable":true,"href":"https:\/\/license.deratix.com\/cs\/wp-json\/wp\/v2\/comments?post=1080"}],"version-history":[{"count":1,"href":"https:\/\/license.deratix.com\/cs\/wp-json\/wp\/v2\/pages\/1080\/revisions"}],"predecessor-version":[{"id":1202,"href":"https:\/\/license.deratix.com\/cs\/wp-json\/wp\/v2\/pages\/1080\/revisions\/1202"}],"wp:attachment":[{"href":"https:\/\/license.deratix.com\/cs\/wp-json\/wp\/v2\/media?parent=1080"}],"curies":[{"name":"wp","href":"https:\/\/api.w.org\/{rel}","templated":true}]}}