{"id":1086,"date":"2026-02-19T19:14:38","date_gmt":"2026-02-19T18:14:38","guid":{"rendered":"https:\/\/license.deratix.com\/objednavka-cs\/"},"modified":"2026-02-19T19:14:38","modified_gmt":"2026-02-19T18:14:38","slug":"objednavka-cs","status":"publish","type":"page","link":"https:\/\/license.deratix.com\/cs\/objednavka-cs\/","title":{"rendered":"Objedn\u00e1vka"},"content":{"rendered":"<p><span class=\"edd_empty_cart\">V\u00e1\u0161 ko\u0161\u00edk je pr\u00e1zdn\u00fd.<\/span><\/p>","protected":false},"excerpt":{"rendered":"","protected":false},"author":0,"featured_media":0,"parent":0,"menu_order":0,"comment_status":"closed","ping_status":"closed","template":"","meta":{"footnotes":""},"class_list":["post-1086","page","type-page","status-publish","hentry"],"_links":{"self":[{"href":"https:\/\/license.deratix.com\/cs\/wp-json\/wp\/v2\/pages\/1086","targetHints":{"allow":["GET"]}}],"collection":[{"href":"https:\/\/license.deratix.com\/cs\/wp-json\/wp\/v2\/pages"}],"about":[{"href":"https:\/\/license.deratix.com\/cs\/wp-json\/wp\/v2\/types\/page"}],"replies":[{"embeddable":true,"href":"https:\/\/license.deratix.com\/cs\/wp-json\/wp\/v2\/comments?post=1086"}],"version-history":[{"count":0,"href":"https:\/\/license.deratix.com\/cs\/wp-json\/wp\/v2\/pages\/1086\/revisions"}],"wp:attachment":[{"href":"https:\/\/license.deratix.com\/cs\/wp-json\/wp\/v2\/media?parent=1086"}],"curies":[{"name":"wp","href":"https:\/\/api.w.org\/{rel}","templated":true}]}}