{"id":1134,"date":"2026-02-14T15:59:21","date_gmt":"2026-02-14T14:59:21","guid":{"rendered":"https:\/\/license.deratix.com\/muj-ucet\/"},"modified":"2026-02-19T23:54:08","modified_gmt":"2026-02-19T22:54:08","slug":"muj-ucet","status":"publish","type":"page","link":"https:\/\/license.deratix.com\/cs\/muj-ucet\/","title":{"rendered":"M\u016fj \u00fa\u010det"},"content":{"rendered":"\n\n<div class=\"wp-block-group alignwide deratix-dashboard is-layout-flow wp-block-group-is-layout-flow\">\n\n\t\n\t<div class=\"wp-block-group deratix-dashboard-card is-layout-flow wp-block-group-is-layout-flow\">\n\t\t\n\t\t<h3 class=\"wp-block-heading\">P\u0159edplatn\u00e9<\/h3>\n\t\t\n\t\t\n\n\t<\/div>\n\t\n\n\t\n\t<div class=\"wp-block-group deratix-dashboard-card is-layout-flow wp-block-group-is-layout-flow\">\n\t\t\n\t\t<h3 class=\"wp-block-heading\">Historie objedn\u00e1vek<\/h3>\n\t\t\n\t\t\n\n\t<\/div>\n\t\n\n<\/div>\n\n\n\n<div class=\"wp-block-group alignwide deratix-dashboard deratix-dashboard--grid is-layout-flow wp-block-group-is-layout-flow\" style=\"margin-top:1.5rem\">\n\n\t\n\t<div class=\"wp-block-group deratix-dashboard-card deratix-dashboard-card--link is-layout-flow wp-block-group-is-layout-flow\">\n\t\t\n\t\t<h3 class=\"wp-block-heading\">Profil<\/h3>\n\t\t\n\t\t\n\t\t<p>Osobn\u00ed \u00fadaje a nastaven\u00ed \u00fa\u010dtu.<\/p>\n\t\t\n\t\t\n\t\t<p><a href=\"\/cs\/profil-cs\/\" class=\"card-link\">Upravit profil &rarr;<\/a><\/p>\n\t\t\n\t<\/div>\n\t\n\n\t\n\t<div class=\"wp-block-group deratix-dashboard-card deratix-dashboard-card--link is-layout-flow wp-block-group-is-layout-flow\">\n\t\t\n\t\t<h3 class=\"wp-block-heading\">U\u017eivatel\u00e9<\/h3>\n\t\t\n\t\t\n\t\t<p>Pot\u0159ebujete v\u00edce u\u017eivatel\u016f?<\/p>\n\t\t\n\t\t\n\t\t<p><a href=\"\/cs\/cenik\/\" class=\"card-link\">Zobrazit dopl\u0148ky &rarr;<\/a><\/p>\n\t\t\n\t<\/div>\n\t\n\n<\/div>\n\n","protected":false},"excerpt":{"rendered":"","protected":false},"author":0,"featured_media":0,"parent":0,"menu_order":0,"comment_status":"closed","ping_status":"closed","template":"page-moj-ucet","meta":{"footnotes":""},"class_list":["post-1134","page","type-page","status-publish","hentry"],"_links":{"self":[{"href":"https:\/\/license.deratix.com\/cs\/wp-json\/wp\/v2\/pages\/1134","targetHints":{"allow":["GET"]}}],"collection":[{"href":"https:\/\/license.deratix.com\/cs\/wp-json\/wp\/v2\/pages"}],"about":[{"href":"https:\/\/license.deratix.com\/cs\/wp-json\/wp\/v2\/types\/page"}],"replies":[{"embeddable":true,"href":"https:\/\/license.deratix.com\/cs\/wp-json\/wp\/v2\/comments?post=1134"}],"version-history":[{"count":1,"href":"https:\/\/license.deratix.com\/cs\/wp-json\/wp\/v2\/pages\/1134\/revisions"}],"predecessor-version":[{"id":1195,"href":"https:\/\/license.deratix.com\/cs\/wp-json\/wp\/v2\/pages\/1134\/revisions\/1195"}],"wp:attachment":[{"href":"https:\/\/license.deratix.com\/cs\/wp-json\/wp\/v2\/media?parent=1134"}],"curies":[{"name":"wp","href":"https:\/\/api.w.org\/{rel}","templated":true}]}}