{"id":1084,"date":"2026-02-19T18:13:21","date_gmt":"2026-02-19T17:13:21","guid":{"rendered":"https:\/\/license.deratix.com\/kezdolap\/"},"modified":"2026-02-20T14:36:58","modified_gmt":"2026-02-20T13:36:58","slug":"kezdolap","status":"publish","type":"page","link":"https:\/\/license.deratix.com\/hu\/","title":{"rendered":"Kezd\u0151lap"},"content":{"rendered":"\n<h1 class=\"has-text-align-center wp-block-heading\" style=\"margin-bottom:0.75rem\">Deratix Licencport\u00e1l<\/h1>\n\n\n\n<p class=\"has-text-align-center\" style=\"margin-bottom:2.5rem;font-size:1.125rem\">V\u00e1s\u00e1roljon licencet vagy kezelje megl\u00e9v\u0151 el\u0151fizet\u00e9s\u00e9t.<\/p>\n\n\n\n<div class=\"wp-block-columns dpl-home-cards is-layout-flex wp-container-core-columns-is-layout-47432679 wp-block-columns-is-layout-flex\">\n\n\n<div class=\"wp-block-column is-layout-flow wp-block-column-is-layout-flow\">\n\n<div class=\"wp-block-group dpl-home-card is-layout-flow wp-block-group-is-layout-flow\" style=\"padding:2rem 1.5rem\">\n\n\n<div class=\"dpl-home-icon\">\n<svg xmlns=\"http:\/\/www.w3.org\/2000\/svg\" width=\"48\" height=\"48\" viewBox=\"0 0 24 24\" fill=\"none\" stroke=\"currentColor\" stroke-width=\"1.5\" stroke-linecap=\"round\" stroke-linejoin=\"round\"><rect x=\"2\" y=\"7\" width=\"20\" height=\"14\" rx=\"2\" ry=\"2\"\/><path d=\"M16 21V5a2 2 0 0 0-2-2h-4a2 2 0 0 0-2 2v16\"\/><\/svg>\n<\/div>\n\n\n\n<h2 class=\"has-text-align-center wp-block-heading\" style=\"margin-bottom:0.5rem;font-size:1.375rem\">Licenc v\u00e1s\u00e1rl\u00e1sa<\/h2>\n\n\n\n<p class=\"has-text-align-center\" style=\"margin-bottom:1.5rem\">Tekintse meg csomagjainkat \u00e9s kieg\u00e9sz\u00edt\u0151inket v\u00e1llalkoz\u00e1sa sz\u00e1m\u00e1ra.<\/p>\n\n\n\n<div class=\"wp-block-buttons is-content-justification-center is-layout-flex wp-container-core-buttons-is-layout-a89b3969 wp-block-buttons-is-layout-flex\">\n\n<div class=\"wp-block-button dpl-home-btn\"><a class=\"wp-block-button__link wp-element-button\" href=\"\/hu\/arlista\/\">\u00c1rlista megtekint\u00e9se<\/a><\/div>\n\n<\/div>\n\n\n<\/div>\n\n<\/div>\n\n\n\n<div class=\"wp-block-column is-layout-flow wp-block-column-is-layout-flow\">\n\n<div class=\"wp-block-group dpl-home-card is-layout-flow wp-block-group-is-layout-flow\" style=\"padding:2rem 1.5rem\">\n\n\n<div class=\"dpl-home-icon\">\n<svg xmlns=\"http:\/\/www.w3.org\/2000\/svg\" width=\"48\" height=\"48\" viewBox=\"0 0 24 24\" fill=\"none\" stroke=\"currentColor\" stroke-width=\"1.5\" stroke-linecap=\"round\" stroke-linejoin=\"round\"><path d=\"M20 21v-2a4 4 0 0 0-4-4H8a4 4 0 0 0-4 4v2\"\/><circle cx=\"12\" cy=\"7\" r=\"4\"\/><\/svg>\n<\/div>\n\n\n\n<h2 class=\"has-text-align-center wp-block-heading\" style=\"margin-bottom:0.5rem;font-size:1.375rem\">Fi\u00f3kkezel\u00e9s<\/h2>\n\n\n\n<p class=\"has-text-align-center\" style=\"margin-bottom:1.5rem\">Jelentkezzen be az el\u0151fizet\u00e9s \u00e9s a be\u00e1ll\u00edt\u00e1sok kezel\u00e9s\u00e9hez.<\/p>\n\n\n\n<div class=\"wp-block-buttons is-content-justification-center is-layout-flex wp-container-core-buttons-is-layout-a89b3969 wp-block-buttons-is-layout-flex\">\n\n<div class=\"wp-block-button dpl-home-btn dpl-home-btn--outline\"><a class=\"wp-block-button__link wp-element-button\" href=\"\/hu\/fiokom\/\">Bejelentkez\u00e9s<\/a><\/div>\n\n<\/div>\n\n\n<\/div>\n\n<\/div>\n\n\n<\/div>\n\n\n\n<div class=\"wp-block-group dpl-home-promo is-layout-flow wp-block-group-is-layout-flow\" style=\"margin-top:3rem;padding:1.25rem 1.5rem\">\n\n<p class=\"has-text-align-center\">Szeretne t\u00f6bbet megtudni a Deratixr\u0151l? L\u00e1togasson el a <a href=\"https:\/\/deratix.com\" target=\"_blank\" rel=\"noopener noreferrer\">deratix.com<\/a> oldalra<\/p>\n\n<\/div>\n","protected":false},"excerpt":{"rendered":"<p>Deratix Licencport\u00e1l V\u00e1s\u00e1roljon licencet vagy kezelje megl\u00e9v\u0151 el\u0151fizet\u00e9s\u00e9t. Licenc v\u00e1s\u00e1rl\u00e1sa Tekintse meg csomagjainkat \u00e9s kieg\u00e9sz\u00edt\u0151inket v\u00e1llalkoz\u00e1sa sz\u00e1m\u00e1ra. Fi\u00f3kkezel\u00e9s Jelentkezzen be az el\u0151fizet\u00e9s \u00e9s a be\u00e1ll\u00edt\u00e1sok kezel\u00e9s\u00e9hez. Szeretne t\u00f6bbet megtudni a Deratixr\u0151l? L\u00e1togasson el a deratix.com oldalra<\/p>\n","protected":false},"author":0,"featured_media":0,"parent":0,"menu_order":0,"comment_status":"closed","ping_status":"closed","template":"","meta":{"footnotes":""},"class_list":["post-1084","page","type-page","status-publish","hentry"],"_links":{"self":[{"href":"https:\/\/license.deratix.com\/hu\/wp-json\/wp\/v2\/pages\/1084","targetHints":{"allow":["GET"]}}],"collection":[{"href":"https:\/\/license.deratix.com\/hu\/wp-json\/wp\/v2\/pages"}],"about":[{"href":"https:\/\/license.deratix.com\/hu\/wp-json\/wp\/v2\/types\/page"}],"replies":[{"embeddable":true,"href":"https:\/\/license.deratix.com\/hu\/wp-json\/wp\/v2\/comments?post=1084"}],"version-history":[{"count":1,"href":"https:\/\/license.deratix.com\/hu\/wp-json\/wp\/v2\/pages\/1084\/revisions"}],"predecessor-version":[{"id":1206,"href":"https:\/\/license.deratix.com\/hu\/wp-json\/wp\/v2\/pages\/1084\/revisions\/1206"}],"wp:attachment":[{"href":"https:\/\/license.deratix.com\/hu\/wp-json\/wp\/v2\/media?parent=1084"}],"curies":[{"name":"wp","href":"https:\/\/api.w.org\/{rel}","templated":true}]}}