{"id":1120,"date":"2026-02-19T19:14:56","date_gmt":"2026-02-19T18:14:56","guid":{"rendered":"https:\/\/license.deratix.com\/profil-hu\/"},"modified":"2026-02-19T19:14:56","modified_gmt":"2026-02-19T18:14:56","slug":"profil-hu","status":"publish","type":"page","link":"https:\/\/license.deratix.com\/hu\/profil-hu\/","title":{"rendered":"Profil"},"content":{"rendered":"<p class=\"edd-logged-out\">You need to log in to edit your profile.<\/p>\t<form id=\"edd_login_form\" class=\"edd_form\" action=\"\" method=\"post\">\n\t\t<fieldset>\n\t\t\t<legend>Jelentkezzen be fi\u00f3kj\u00e1ba<\/legend>\n\t\t\t\t\t\t<p class=\"edd-login-username\">\n\t\t\t\t<label for=\"edd_user_login\">Felhaszn\u00e1l\u00f3n\u00e9v vagy e-mail<\/label>\n\t\t\t\t<input name=\"edd_user_login\" id=\"edd_user_login\" class=\"edd-required edd-input\" type=\"text\"\/>\n\t\t\t<\/p>\n\t\t\t<p class=\"edd-login-password\">\n\t\t\t\t<label for=\"edd_user_pass\">Jelsz\u00f3<\/label>\n\t\t\t\t<input name=\"edd_user_pass\" id=\"edd_user_pass\" class=\"edd-password edd-required edd-input\" type=\"password\"\/>\n\t\t\t<\/p>\n\t\t\t<p class=\"edd-login-remember\">\n\t\t\t\t<label><input name=\"rememberme\" type=\"checkbox\" id=\"rememberme\" value=\"forever\" \/> Eml\u00e9kezz r\u00e1m<\/label>\n\t\t\t<\/p>\n\t\t\t<p class=\"edd-login-submit\">\n\t\t\t\t<input type=\"hidden\" name=\"edd_redirect\" value=\"https:\/\/license.deratix.com\/hu\/wp-json\/wp\/v2\/pages\/1120\/\"\/>\n\t\t\t\t<input type=\"hidden\" name=\"edd_login_nonce\" value=\"a944cff25a\"\/>\n\t\t\t\t<input type=\"hidden\" name=\"edd_action\" value=\"user_login\"\/>\n\t\t\t\t<input id=\"edd_login_submit\" type=\"submit\" class=\"edd-submit\" value=\"Bejelentkez\u00e9s\"\/>\n\t\t\t<\/p>\n\t\t\t<p class=\"edd-lost-password\">\n\t\t\t\t<a href=\"https:\/\/license.deratix.com\/hu\/wp-login.php?action=lostpassword&#038;edd_forgot_password=confirm\">\n\t\t\t\t\tElfelejtette jelszav\u00e1t?\t\t\t\t<\/a>\n\t\t\t<\/p>\n\t\t\t\t\t<\/fieldset>\n\t<\/form>\n\n","protected":false},"excerpt":{"rendered":"","protected":false},"author":0,"featured_media":0,"parent":0,"menu_order":0,"comment_status":"closed","ping_status":"closed","template":"","meta":{"footnotes":""},"class_list":["post-1120","page","type-page","status-publish","hentry"],"_links":{"self":[{"href":"https:\/\/license.deratix.com\/hu\/wp-json\/wp\/v2\/pages\/1120","targetHints":{"allow":["GET"]}}],"collection":[{"href":"https:\/\/license.deratix.com\/hu\/wp-json\/wp\/v2\/pages"}],"about":[{"href":"https:\/\/license.deratix.com\/hu\/wp-json\/wp\/v2\/types\/page"}],"replies":[{"embeddable":true,"href":"https:\/\/license.deratix.com\/hu\/wp-json\/wp\/v2\/comments?post=1120"}],"version-history":[{"count":0,"href":"https:\/\/license.deratix.com\/hu\/wp-json\/wp\/v2\/pages\/1120\/revisions"}],"wp:attachment":[{"href":"https:\/\/license.deratix.com\/hu\/wp-json\/wp\/v2\/media?parent=1120"}],"curies":[{"name":"wp","href":"https:\/\/api.w.org\/{rel}","templated":true}]}}