{"id":1138,"date":"2026-02-14T15:59:21","date_gmt":"2026-02-14T14:59:21","guid":{"rendered":"https:\/\/license.deratix.com\/fiokom\/"},"modified":"2026-02-19T23:54:11","modified_gmt":"2026-02-19T22:54:11","slug":"fiokom","status":"publish","type":"page","link":"https:\/\/license.deratix.com\/hu\/fiokom\/","title":{"rendered":"Fi\u00f3kom"},"content":{"rendered":"\n\n<div class=\"wp-block-group alignwide deratix-dashboard is-layout-flow wp-block-group-is-layout-flow\">\n\n\t\n\t<div class=\"wp-block-group deratix-dashboard-card is-layout-flow wp-block-group-is-layout-flow\">\n\t\t\n\t\t<h3 class=\"wp-block-heading\">El\u0151fizet\u00e9sek<\/h3>\n\t\t\n\t\t\n\n\t<\/div>\n\t\n\n\t\n\t<div class=\"wp-block-group deratix-dashboard-card is-layout-flow wp-block-group-is-layout-flow\">\n\t\t\n\t\t<h3 class=\"wp-block-heading\">Rendel\u00e9si el\u0151zm\u00e9nyek<\/h3>\n\t\t\n\t\t\n\n\t<\/div>\n\t\n\n<\/div>\n\n\n\n<div class=\"wp-block-group alignwide deratix-dashboard deratix-dashboard--grid is-layout-flow wp-block-group-is-layout-flow\" style=\"margin-top:1.5rem\">\n\n\t\n\t<div class=\"wp-block-group deratix-dashboard-card deratix-dashboard-card--link is-layout-flow wp-block-group-is-layout-flow\">\n\t\t\n\t\t<h3 class=\"wp-block-heading\">Profil<\/h3>\n\t\t\n\t\t\n\t\t<p>Szem\u00e9lyes adatok \u00e9s fi\u00f3kbe\u00e1ll\u00edt\u00e1sok.<\/p>\n\t\t\n\t\t\n\t\t<p><a href=\"\/hu\/profil-hu\/\" class=\"card-link\">Profil szerkeszt\u00e9se &rarr;<\/a><\/p>\n\t\t\n\t<\/div>\n\t\n\n\t\n\t<div class=\"wp-block-group deratix-dashboard-card deratix-dashboard-card--link is-layout-flow wp-block-group-is-layout-flow\">\n\t\t\n\t\t<h3 class=\"wp-block-heading\">Felhaszn\u00e1l\u00f3k<\/h3>\n\t\t\n\t\t\n\t\t<p>T\u00f6bb felhaszn\u00e1l\u00f3ra van sz\u00fcks\u00e9ge?<\/p>\n\t\t\n\t\t\n\t\t<p><a href=\"\/hu\/arlista\/\" class=\"card-link\">Kieg\u00e9sz\u00edt\u0151k megtekint\u00e9se &rarr;<\/a><\/p>\n\t\t\n\t<\/div>\n\t\n\n<\/div>\n\n","protected":false},"excerpt":{"rendered":"","protected":false},"author":0,"featured_media":0,"parent":0,"menu_order":0,"comment_status":"closed","ping_status":"closed","template":"page-moj-ucet","meta":{"footnotes":""},"class_list":["post-1138","page","type-page","status-publish","hentry"],"_links":{"self":[{"href":"https:\/\/license.deratix.com\/hu\/wp-json\/wp\/v2\/pages\/1138","targetHints":{"allow":["GET"]}}],"collection":[{"href":"https:\/\/license.deratix.com\/hu\/wp-json\/wp\/v2\/pages"}],"about":[{"href":"https:\/\/license.deratix.com\/hu\/wp-json\/wp\/v2\/types\/page"}],"replies":[{"embeddable":true,"href":"https:\/\/license.deratix.com\/hu\/wp-json\/wp\/v2\/comments?post=1138"}],"version-history":[{"count":1,"href":"https:\/\/license.deratix.com\/hu\/wp-json\/wp\/v2\/pages\/1138\/revisions"}],"predecessor-version":[{"id":1199,"href":"https:\/\/license.deratix.com\/hu\/wp-json\/wp\/v2\/pages\/1138\/revisions\/1199"}],"wp:attachment":[{"href":"https:\/\/license.deratix.com\/hu\/wp-json\/wp\/v2\/media?parent=1138"}],"curies":[{"name":"wp","href":"https:\/\/api.w.org\/{rel}","templated":true}]}}