{"id":1083,"date":"2026-02-19T18:13:21","date_gmt":"2026-02-19T17:13:21","guid":{"rendered":"https:\/\/license.deratix.com\/strona-glowna\/"},"modified":"2026-02-20T14:36:58","modified_gmt":"2026-02-20T13:36:58","slug":"strona-glowna","status":"publish","type":"page","link":"https:\/\/license.deratix.com\/pl\/","title":{"rendered":"Strona g\u0142\u00f3wna"},"content":{"rendered":"\n<h1 class=\"has-text-align-center wp-block-heading\" style=\"margin-bottom:0.75rem\">Portal Licencyjny Deratix<\/h1>\n\n\n\n<p class=\"has-text-align-center\" style=\"margin-bottom:2.5rem;font-size:1.125rem\">Kup licencj\u0119 lub zarz\u0105dzaj swoj\u0105 istniej\u0105c\u0105 subskrypcj\u0105.<\/p>\n\n\n\n<div class=\"wp-block-columns dpl-home-cards is-layout-flex wp-container-core-columns-is-layout-47432679 wp-block-columns-is-layout-flex\">\n\n\n<div class=\"wp-block-column is-layout-flow wp-block-column-is-layout-flow\">\n\n<div class=\"wp-block-group dpl-home-card is-layout-flow wp-block-group-is-layout-flow\" style=\"padding:2rem 1.5rem\">\n\n\n<div class=\"dpl-home-icon\">\n<svg xmlns=\"http:\/\/www.w3.org\/2000\/svg\" width=\"48\" height=\"48\" viewBox=\"0 0 24 24\" fill=\"none\" stroke=\"currentColor\" stroke-width=\"1.5\" stroke-linecap=\"round\" stroke-linejoin=\"round\"><rect x=\"2\" y=\"7\" width=\"20\" height=\"14\" rx=\"2\" ry=\"2\"\/><path d=\"M16 21V5a2 2 0 0 0-2-2h-4a2 2 0 0 0-2 2v16\"\/><\/svg>\n<\/div>\n\n\n\n<h2 class=\"has-text-align-center wp-block-heading\" style=\"margin-bottom:0.5rem;font-size:1.375rem\">Kup licencj\u0119<\/h2>\n\n\n\n<p class=\"has-text-align-center\" style=\"margin-bottom:1.5rem\">Zobacz nasze plany i dodatki dla Twojej firmy.<\/p>\n\n\n\n<div class=\"wp-block-buttons is-content-justification-center is-layout-flex wp-container-core-buttons-is-layout-a89b3969 wp-block-buttons-is-layout-flex\">\n\n<div class=\"wp-block-button dpl-home-btn\"><a class=\"wp-block-button__link wp-element-button\" href=\"\/pl\/cennik-pl\/\">Zobacz cennik<\/a><\/div>\n\n<\/div>\n\n\n<\/div>\n\n<\/div>\n\n\n\n<div class=\"wp-block-column is-layout-flow wp-block-column-is-layout-flow\">\n\n<div class=\"wp-block-group dpl-home-card is-layout-flow wp-block-group-is-layout-flow\" style=\"padding:2rem 1.5rem\">\n\n\n<div class=\"dpl-home-icon\">\n<svg xmlns=\"http:\/\/www.w3.org\/2000\/svg\" width=\"48\" height=\"48\" viewBox=\"0 0 24 24\" fill=\"none\" stroke=\"currentColor\" stroke-width=\"1.5\" stroke-linecap=\"round\" stroke-linejoin=\"round\"><path d=\"M20 21v-2a4 4 0 0 0-4-4H8a4 4 0 0 0-4 4v2\"\/><circle cx=\"12\" cy=\"7\" r=\"4\"\/><\/svg>\n<\/div>\n\n\n\n<h2 class=\"has-text-align-center wp-block-heading\" style=\"margin-bottom:0.5rem;font-size:1.375rem\">Zarz\u0105dzanie kontem<\/h2>\n\n\n\n<p class=\"has-text-align-center\" style=\"margin-bottom:1.5rem\">Zaloguj si\u0119, aby zarz\u0105dza\u0107 subskrypcj\u0105 i ustawieniami.<\/p>\n\n\n\n<div class=\"wp-block-buttons is-content-justification-center is-layout-flex wp-container-core-buttons-is-layout-a89b3969 wp-block-buttons-is-layout-flex\">\n\n<div class=\"wp-block-button dpl-home-btn dpl-home-btn--outline\"><a class=\"wp-block-button__link wp-element-button\" href=\"\/pl\/moje-konto\/\">Zaloguj si\u0119<\/a><\/div>\n\n<\/div>\n\n\n<\/div>\n\n<\/div>\n\n\n<\/div>\n\n\n\n<div class=\"wp-block-group dpl-home-promo is-layout-flow wp-block-group-is-layout-flow\" style=\"margin-top:3rem;padding:1.25rem 1.5rem\">\n\n<p class=\"has-text-align-center\">Chcesz dowiedzie\u0107 si\u0119 wi\u0119cej o Deratix? Odwied\u017a <a href=\"https:\/\/deratix.com\" target=\"_blank\" rel=\"noopener noreferrer\">deratix.com<\/a><\/p>\n\n<\/div>\n","protected":false},"excerpt":{"rendered":"<p>Portal Licencyjny Deratix Kup licencj\u0119 lub zarz\u0105dzaj swoj\u0105 istniej\u0105c\u0105 subskrypcj\u0105. Kup licencj\u0119 Zobacz nasze plany i dodatki dla Twojej firmy. Zarz\u0105dzanie kontem Zaloguj si\u0119, aby zarz\u0105dza\u0107 subskrypcj\u0105 i ustawieniami. Chcesz dowiedzie\u0107 si\u0119 wi\u0119cej o Deratix? Odwied\u017a deratix.com<\/p>\n","protected":false},"author":0,"featured_media":0,"parent":0,"menu_order":0,"comment_status":"closed","ping_status":"closed","template":"","meta":{"footnotes":""},"class_list":["post-1083","page","type-page","status-publish","hentry"],"_links":{"self":[{"href":"https:\/\/license.deratix.com\/pl\/wp-json\/wp\/v2\/pages\/1083","targetHints":{"allow":["GET"]}}],"collection":[{"href":"https:\/\/license.deratix.com\/pl\/wp-json\/wp\/v2\/pages"}],"about":[{"href":"https:\/\/license.deratix.com\/pl\/wp-json\/wp\/v2\/types\/page"}],"replies":[{"embeddable":true,"href":"https:\/\/license.deratix.com\/pl\/wp-json\/wp\/v2\/comments?post=1083"}],"version-history":[{"count":1,"href":"https:\/\/license.deratix.com\/pl\/wp-json\/wp\/v2\/pages\/1083\/revisions"}],"predecessor-version":[{"id":1205,"href":"https:\/\/license.deratix.com\/pl\/wp-json\/wp\/v2\/pages\/1083\/revisions\/1205"}],"wp:attachment":[{"href":"https:\/\/license.deratix.com\/pl\/wp-json\/wp\/v2\/media?parent=1083"}],"curies":[{"name":"wp","href":"https:\/\/api.w.org\/{rel}","templated":true}]}}