{"id":1137,"date":"2026-02-14T15:59:21","date_gmt":"2026-02-14T14:59:21","guid":{"rendered":"https:\/\/license.deratix.com\/moje-konto\/"},"modified":"2026-02-19T23:54:10","modified_gmt":"2026-02-19T22:54:10","slug":"moje-konto","status":"publish","type":"page","link":"https:\/\/license.deratix.com\/pl\/moje-konto\/","title":{"rendered":"Moje konto"},"content":{"rendered":"\n\n<div class=\"wp-block-group alignwide deratix-dashboard is-layout-flow wp-block-group-is-layout-flow\">\n\n\t\n\t<div class=\"wp-block-group deratix-dashboard-card is-layout-flow wp-block-group-is-layout-flow\">\n\t\t\n\t\t<h3 class=\"wp-block-heading\">Subskrypcje<\/h3>\n\t\t\n\t\t\n\n\t<\/div>\n\t\n\n\t\n\t<div class=\"wp-block-group deratix-dashboard-card is-layout-flow wp-block-group-is-layout-flow\">\n\t\t\n\t\t<h3 class=\"wp-block-heading\">Historia zam\u00f3wie\u0144<\/h3>\n\t\t\n\t\t\n\n\t<\/div>\n\t\n\n<\/div>\n\n\n\n<div class=\"wp-block-group alignwide deratix-dashboard deratix-dashboard--grid is-layout-flow wp-block-group-is-layout-flow\" style=\"margin-top:1.5rem\">\n\n\t\n\t<div class=\"wp-block-group deratix-dashboard-card deratix-dashboard-card--link is-layout-flow wp-block-group-is-layout-flow\">\n\t\t\n\t\t<h3 class=\"wp-block-heading\">Profil<\/h3>\n\t\t\n\t\t\n\t\t<p>Dane osobowe i ustawienia konta.<\/p>\n\t\t\n\t\t\n\t\t<p><a href=\"\/pl\/profil-pl\/\" class=\"card-link\">Edytuj profil &rarr;<\/a><\/p>\n\t\t\n\t<\/div>\n\t\n\n\t\n\t<div class=\"wp-block-group deratix-dashboard-card deratix-dashboard-card--link is-layout-flow wp-block-group-is-layout-flow\">\n\t\t\n\t\t<h3 class=\"wp-block-heading\">U\u017cytkownicy<\/h3>\n\t\t\n\t\t\n\t\t<p>Potrzebujesz wi\u0119cej u\u017cytkownik\u00f3w?<\/p>\n\t\t\n\t\t\n\t\t<p><a href=\"\/pl\/cennik-pl\/\" class=\"card-link\">Zobacz dodatki &rarr;<\/a><\/p>\n\t\t\n\t<\/div>\n\t\n\n<\/div>\n\n","protected":false},"excerpt":{"rendered":"","protected":false},"author":0,"featured_media":0,"parent":0,"menu_order":0,"comment_status":"closed","ping_status":"closed","template":"page-moj-ucet","meta":{"footnotes":""},"class_list":["post-1137","page","type-page","status-publish","hentry"],"_links":{"self":[{"href":"https:\/\/license.deratix.com\/pl\/wp-json\/wp\/v2\/pages\/1137","targetHints":{"allow":["GET"]}}],"collection":[{"href":"https:\/\/license.deratix.com\/pl\/wp-json\/wp\/v2\/pages"}],"about":[{"href":"https:\/\/license.deratix.com\/pl\/wp-json\/wp\/v2\/types\/page"}],"replies":[{"embeddable":true,"href":"https:\/\/license.deratix.com\/pl\/wp-json\/wp\/v2\/comments?post=1137"}],"version-history":[{"count":1,"href":"https:\/\/license.deratix.com\/pl\/wp-json\/wp\/v2\/pages\/1137\/revisions"}],"predecessor-version":[{"id":1198,"href":"https:\/\/license.deratix.com\/pl\/wp-json\/wp\/v2\/pages\/1137\/revisions\/1198"}],"wp:attachment":[{"href":"https:\/\/license.deratix.com\/pl\/wp-json\/wp\/v2\/media?parent=1137"}],"curies":[{"name":"wp","href":"https:\/\/api.w.org\/{rel}","templated":true}]}}