{"id":1143,"date":"2026-02-15T21:47:29","date_gmt":"2026-02-15T20:47:29","guid":{"rendered":"https:\/\/license.deratix.com\/cennik-pl\/"},"modified":"2026-02-24T17:46:15","modified_gmt":"2026-02-24T16:46:15","slug":"cennik-pl","status":"publish","type":"page","link":"https:\/\/license.deratix.com\/pl\/cennik-pl\/","title":{"rendered":"Cennik"},"content":{"rendered":"\n<h2 class=\"wp-block-heading\">Plany<\/h2>\n\n\n\n\t\t<div class=\"edd_downloads_list edd_download_columns_1 \">\n\n\t\t\t\n\t\t\t\n<div class=\"edd_download\" id=\"edd_download_980\">\n\n\t<div class=\"edd_download_inner\">\n\n\t\t<h3 class=\"edd_download_title\"><a href=\"https:\/\/license.deratix.com\/sk\/downloads\/deratix\/\">Deratix<\/a><\/h3>\n\n<div class=\"edd_download_excerpt\">\n\t<\/div>\n<div class=\"edd_download_buy_button\">\n\t\t<form id=\"edd_purchase_980\" class=\"edd_download_purchase_form edd_purchase_980\" method=\"post\">\n\n\t\t\t<div class=\"edd_price_options edd_single_mode\" >\n\t\t<ul>\n\t\t\t<li id=\"edd_price_option_980_trial\"><label for=\"edd_price_option_980_0\"><input type=\"radio\"  name=\"edd_options[price_id][]\" id=\"edd_price_option_980_0\" class=\"edd_price_option_980\" value=\"0\" data-price=\"0.00\"\/>&nbsp;<span class=\"edd_price_option_name\">Trial<\/span><span class=\"edd_price_option_sep\">&nbsp;&ndash;&nbsp;<\/span><span class=\"edd_price_option_price\">0,00&euro;<\/span><\/label><\/li><li id=\"edd_price_option_980_startermiesicznie\"><label for=\"edd_price_option_980_1\"><input type=\"radio\"  checked='checked' name=\"edd_options[price_id][]\" id=\"edd_price_option_980_1\" class=\"edd_price_option_980\" value=\"1\" data-price=\"69.00\"\/>&nbsp;<span class=\"edd_price_option_name\">Starter \u2014 Miesi\u0119cznie<\/span><span class=\"edd_price_option_sep\">&nbsp;&ndash;&nbsp;<\/span><span class=\"edd_price_option_price\">69,00&euro;<\/span><\/label><\/li><li id=\"edd_price_option_980_businessmiesicznie\"><label for=\"edd_price_option_980_2\"><input type=\"radio\"  name=\"edd_options[price_id][]\" id=\"edd_price_option_980_2\" class=\"edd_price_option_980\" value=\"2\" data-price=\"99.00\"\/>&nbsp;<span class=\"edd_price_option_name\">Business \u2014 Miesi\u0119cznie<\/span><span class=\"edd_price_option_sep\">&nbsp;&ndash;&nbsp;<\/span><span class=\"edd_price_option_price\">99,00&euro;<\/span><\/label><\/li><li id=\"edd_price_option_980_premiummiesicznie\"><label for=\"edd_price_option_980_3\"><input type=\"radio\"  name=\"edd_options[price_id][]\" id=\"edd_price_option_980_3\" class=\"edd_price_option_980\" value=\"3\" data-price=\"149.00\"\/>&nbsp;<span class=\"edd_price_option_name\">Premium \u2014 Miesi\u0119cznie<\/span><span class=\"edd_price_option_sep\">&nbsp;&ndash;&nbsp;<\/span><span class=\"edd_price_option_price\">149,00&euro;<\/span><\/label><\/li><li id=\"edd_price_option_980_starterrocznie\"><label for=\"edd_price_option_980_4\"><input type=\"radio\"  name=\"edd_options[price_id][]\" id=\"edd_price_option_980_4\" class=\"edd_price_option_980\" value=\"4\" data-price=\"690.00\"\/>&nbsp;<span class=\"edd_price_option_name\">Starter \u2014 Rocznie<\/span><span class=\"edd_price_option_sep\">&nbsp;&ndash;&nbsp;<\/span><span class=\"edd_price_option_price\">690,00&euro;<\/span><\/label><\/li><li id=\"edd_price_option_980_businessrocznie\"><label for=\"edd_price_option_980_5\"><input type=\"radio\"  name=\"edd_options[price_id][]\" id=\"edd_price_option_980_5\" class=\"edd_price_option_980\" value=\"5\" data-price=\"990.00\"\/>&nbsp;<span class=\"edd_price_option_name\">Business \u2014 Rocznie<\/span><span class=\"edd_price_option_sep\">&nbsp;&ndash;&nbsp;<\/span><span class=\"edd_price_option_price\">990,00&euro;<\/span><\/label><\/li><li id=\"edd_price_option_980_premiumrocznie\"><label for=\"edd_price_option_980_6\"><input type=\"radio\"  name=\"edd_options[price_id][]\" id=\"edd_price_option_980_6\" class=\"edd_price_option_980\" value=\"6\" data-price=\"1490.00\"\/>&nbsp;<span class=\"edd_price_option_name\">Premium \u2014 Rocznie<\/span><span class=\"edd_price_option_sep\">&nbsp;&ndash;&nbsp;<\/span><span class=\"edd_price_option_price\">1.490,00&euro;<\/span><\/label><\/li>\t\t<\/ul>\n\t<\/div><!--end .edd_price_options-->\n\t\n\t\t<div class=\"edd_purchase_submit_wrapper\">\n\t\t\t<button class=\"edd-add-to-cart button blue edd-submit\" data-nonce=\"5bd79f73cc\" data-timestamp=\"1775247207\" data-token=\"becfbb78ffce90001be10899f69d34c761e4be43fa9a9f79d4df9e4404105aa4\" data-action=\"edd_add_to_cart\" data-download-id=\"980\"  data-variable-price=\"yes\" data-price-mode=single data-price=\"0.00\" ><span class=\"edd-add-to-cart-label\">Kup<\/span> <span class=\"edd-loading\" aria-label=\"\u0141adowanie\"><\/span><\/button><input type=\"submit\" class=\"edd-add-to-cart edd-no-js button blue edd-submit\" name=\"edd_purchase_download\" value=\"Kup\" data-action=\"edd_add_to_cart\" data-download-id=\"980\"  data-variable-price=\"yes\" data-price-mode=single \/><a href=\"https:\/\/license.deratix.com\/pl\/zamowienie\/\" class=\"edd_go_to_checkout button blue edd-submit\" style=\"display:none;\">Kasa<\/a>\n\t\t\t\t\t\t\t<span class=\"edd-cart-ajax-alert\" aria-live=\"assertive\">\n\t\t\t\t\t<span class=\"edd-cart-added-alert\" style=\"display: none;\">\n\t\t\t\t\t\t<svg class=\"edd-icon edd-icon-check\" xmlns=\"http:\/\/www.w3.org\/2000\/svg\" width=\"28\" height=\"28\" viewBox=\"0 0 28 28\" aria-hidden=\"true\">\n\t\t\t\t\t\t\t<path d=\"M26.11 8.844c0 .39-.157.78-.44 1.062L12.234 23.344c-.28.28-.672.438-1.062.438s-.78-.156-1.06-.438l-7.782-7.78c-.28-.282-.438-.673-.438-1.063s.156-.78.438-1.06l2.125-2.126c.28-.28.672-.438 1.062-.438s.78.156 1.062.438l4.594 4.61L21.42 5.656c.282-.28.673-.438 1.063-.438s.78.155 1.062.437l2.125 2.125c.28.28.438.672.438 1.062z\"\/>\n\t\t\t\t\t\t<\/svg>\n\t\t\t\t\t\tDodano do koszyka\t\t\t\t\t<\/span>\n\t\t\t\t<\/span>\n\t\t\t\t\t\t\t\t\t\t\t\t\t\t\t<\/div><!--end .edd_purchase_submit_wrapper-->\n\n\t\t<input type=\"hidden\" name=\"download_id\" value=\"980\">\n\t\t\t\t\t\t\t<input type=\"hidden\" name=\"edd_action\" class=\"edd_action_input\" value=\"add_to_cart\">\n\t\t\n\t\t\n\t\t\n\t<\/form><!--end #edd_purchase_980-->\n\t<\/div>\n\n\t<\/div>\n\n<\/div>\n\n\t\t\t\n\t\t\t\n\t\t<\/div>\n\n\t\t\n\n\n\n<h2 class=\"wp-block-heading\" style=\"margin-top:3rem\">Dodatki \u2014 wi\u0119cej u\u017cytkownik\u00f3w<\/h2>\n\n\n\n\t\t<div class=\"edd_downloads_list edd_download_columns_1 \">\n\n\t\t\t\n\t\t\t\n<div class=\"edd_download\" id=\"edd_download_1032\">\n\n\t<div class=\"edd_download_inner\">\n\n\t\t<h3 class=\"edd_download_title\"><a href=\"https:\/\/license.deratix.com\/sk\/downloads\/100-pouzivatelov\/\">+100 U\u017cytkownik\u00f3w<\/a><\/h3>\n\n<div class=\"edd_download_excerpt\">\n\t<p>Dodaj 100 kolejnych u\u017cytkownik\u00f3w do swojego planu Deratix.<\/p>\n<\/div>\n<div class=\"edd_download_buy_button\">\n\t\t<form id=\"edd_purchase_1032\" class=\"edd_download_purchase_form edd_purchase_1032\" method=\"post\">\n\n\t\t\t<div class=\"edd_price_options edd_single_mode\" >\n\t\t<ul>\n\t\t\t<li id=\"edd_price_option_1032_miesicznie\"><label for=\"edd_price_option_1032_0\"><input type=\"radio\"  checked='checked' name=\"edd_options[price_id][]\" id=\"edd_price_option_1032_0\" class=\"edd_price_option_1032\" value=\"0\" data-price=\"79.00\"\/>&nbsp;<span class=\"edd_price_option_name\">Miesi\u0119cznie<\/span><span class=\"edd_price_option_sep\">&nbsp;&ndash;&nbsp;<\/span><span class=\"edd_price_option_price\">79,00&euro;<\/span><\/label><\/li><li id=\"edd_price_option_1032_rocznie\"><label for=\"edd_price_option_1032_1\"><input type=\"radio\"  name=\"edd_options[price_id][]\" id=\"edd_price_option_1032_1\" class=\"edd_price_option_1032\" value=\"1\" data-price=\"790.00\"\/>&nbsp;<span class=\"edd_price_option_name\">Rocznie<\/span><span class=\"edd_price_option_sep\">&nbsp;&ndash;&nbsp;<\/span><span class=\"edd_price_option_price\">790,00&euro;<\/span><\/label><\/li>\t\t<\/ul>\n\t<\/div><!--end .edd_price_options-->\n\t\n\t\t<div class=\"edd_purchase_submit_wrapper\">\n\t\t\t<button class=\"edd-add-to-cart button blue edd-submit\" data-nonce=\"9defc9f383\" data-timestamp=\"1775247207\" data-token=\"becfbb78ffce90001be10899f69d34c761e4be43fa9a9f79d4df9e4404105aa4\" data-action=\"edd_add_to_cart\" data-download-id=\"1032\"  data-variable-price=\"yes\" data-price-mode=single data-price=\"0.00\" ><span class=\"edd-add-to-cart-label\">Kup<\/span> <span class=\"edd-loading\" aria-label=\"\u0141adowanie\"><\/span><\/button><input type=\"submit\" class=\"edd-add-to-cart edd-no-js button blue edd-submit\" name=\"edd_purchase_download\" value=\"Kup\" data-action=\"edd_add_to_cart\" data-download-id=\"1032\"  data-variable-price=\"yes\" data-price-mode=single \/><a href=\"https:\/\/license.deratix.com\/pl\/zamowienie\/\" class=\"edd_go_to_checkout button blue edd-submit\" style=\"display:none;\">Kasa<\/a>\n\t\t\t\t\t\t\t<span class=\"edd-cart-ajax-alert\" aria-live=\"assertive\">\n\t\t\t\t\t<span class=\"edd-cart-added-alert\" style=\"display: none;\">\n\t\t\t\t\t\t<svg class=\"edd-icon edd-icon-check\" xmlns=\"http:\/\/www.w3.org\/2000\/svg\" width=\"28\" height=\"28\" viewBox=\"0 0 28 28\" aria-hidden=\"true\">\n\t\t\t\t\t\t\t<path d=\"M26.11 8.844c0 .39-.157.78-.44 1.062L12.234 23.344c-.28.28-.672.438-1.062.438s-.78-.156-1.06-.438l-7.782-7.78c-.28-.282-.438-.673-.438-1.063s.156-.78.438-1.06l2.125-2.126c.28-.28.672-.438 1.062-.438s.78.156 1.062.438l4.594 4.61L21.42 5.656c.282-.28.673-.438 1.063-.438s.78.155 1.062.437l2.125 2.125c.28.28.438.672.438 1.062z\"\/>\n\t\t\t\t\t\t<\/svg>\n\t\t\t\t\t\tDodano do koszyka\t\t\t\t\t<\/span>\n\t\t\t\t<\/span>\n\t\t\t\t\t\t\t\t\t\t\t\t\t\t\t<\/div><!--end .edd_purchase_submit_wrapper-->\n\n\t\t<input type=\"hidden\" name=\"download_id\" value=\"1032\">\n\t\t\t\t\t\t\t<input type=\"hidden\" name=\"edd_action\" class=\"edd_action_input\" value=\"add_to_cart\">\n\t\t\n\t\t\n\t\t\n\t<\/form><!--end #edd_purchase_1032-->\n\t<\/div>\n\n\t<\/div>\n\n<\/div>\n\n<div class=\"edd_download\" id=\"edd_download_1031\">\n\n\t<div class=\"edd_download_inner\">\n\n\t\t<h3 class=\"edd_download_title\"><a href=\"https:\/\/license.deratix.com\/sk\/downloads\/10-pouzivatelov\/\">+10 U\u017cytkownik\u00f3w<\/a><\/h3>\n\n<div class=\"edd_download_excerpt\">\n\t<p>Dodaj 10 kolejnych u\u017cytkownik\u00f3w do swojego planu Deratix.<\/p>\n<\/div>\n<div class=\"edd_download_buy_button\">\n\t\t<form id=\"edd_purchase_1031\" class=\"edd_download_purchase_form edd_purchase_1031\" method=\"post\">\n\n\t\t\t<div class=\"edd_price_options edd_single_mode\" >\n\t\t<ul>\n\t\t\t<li id=\"edd_price_option_1031_miesicznie\"><label for=\"edd_price_option_1031_0\"><input type=\"radio\"  checked='checked' name=\"edd_options[price_id][]\" id=\"edd_price_option_1031_0\" class=\"edd_price_option_1031\" value=\"0\" data-price=\"49.00\"\/>&nbsp;<span class=\"edd_price_option_name\">Miesi\u0119cznie<\/span><span class=\"edd_price_option_sep\">&nbsp;&ndash;&nbsp;<\/span><span class=\"edd_price_option_price\">49,00&euro;<\/span><\/label><\/li><li id=\"edd_price_option_1031_rocznie\"><label for=\"edd_price_option_1031_1\"><input type=\"radio\"  name=\"edd_options[price_id][]\" id=\"edd_price_option_1031_1\" class=\"edd_price_option_1031\" value=\"1\" data-price=\"490.00\"\/>&nbsp;<span class=\"edd_price_option_name\">Rocznie<\/span><span class=\"edd_price_option_sep\">&nbsp;&ndash;&nbsp;<\/span><span class=\"edd_price_option_price\">490,00&euro;<\/span><\/label><\/li>\t\t<\/ul>\n\t<\/div><!--end .edd_price_options-->\n\t\n\t\t<div class=\"edd_purchase_submit_wrapper\">\n\t\t\t<button class=\"edd-add-to-cart button blue edd-submit\" data-nonce=\"4952185a72\" data-timestamp=\"1775247207\" data-token=\"becfbb78ffce90001be10899f69d34c761e4be43fa9a9f79d4df9e4404105aa4\" data-action=\"edd_add_to_cart\" data-download-id=\"1031\"  data-variable-price=\"yes\" data-price-mode=single data-price=\"0.00\" ><span class=\"edd-add-to-cart-label\">Kup<\/span> <span class=\"edd-loading\" aria-label=\"\u0141adowanie\"><\/span><\/button><input type=\"submit\" class=\"edd-add-to-cart edd-no-js button blue edd-submit\" name=\"edd_purchase_download\" value=\"Kup\" data-action=\"edd_add_to_cart\" data-download-id=\"1031\"  data-variable-price=\"yes\" data-price-mode=single \/><a href=\"https:\/\/license.deratix.com\/pl\/zamowienie\/\" class=\"edd_go_to_checkout button blue edd-submit\" style=\"display:none;\">Kasa<\/a>\n\t\t\t\t\t\t\t<span class=\"edd-cart-ajax-alert\" aria-live=\"assertive\">\n\t\t\t\t\t<span class=\"edd-cart-added-alert\" style=\"display: none;\">\n\t\t\t\t\t\t<svg class=\"edd-icon edd-icon-check\" xmlns=\"http:\/\/www.w3.org\/2000\/svg\" width=\"28\" height=\"28\" viewBox=\"0 0 28 28\" aria-hidden=\"true\">\n\t\t\t\t\t\t\t<path d=\"M26.11 8.844c0 .39-.157.78-.44 1.062L12.234 23.344c-.28.28-.672.438-1.062.438s-.78-.156-1.06-.438l-7.782-7.78c-.28-.282-.438-.673-.438-1.063s.156-.78.438-1.06l2.125-2.126c.28-.28.672-.438 1.062-.438s.78.156 1.062.438l4.594 4.61L21.42 5.656c.282-.28.673-.438 1.063-.438s.78.155 1.062.437l2.125 2.125c.28.28.438.672.438 1.062z\"\/>\n\t\t\t\t\t\t<\/svg>\n\t\t\t\t\t\tDodano do koszyka\t\t\t\t\t<\/span>\n\t\t\t\t<\/span>\n\t\t\t\t\t\t\t\t\t\t\t\t\t\t\t<\/div><!--end .edd_purchase_submit_wrapper-->\n\n\t\t<input type=\"hidden\" name=\"download_id\" value=\"1031\">\n\t\t\t\t\t\t\t<input type=\"hidden\" name=\"edd_action\" class=\"edd_action_input\" value=\"add_to_cart\">\n\t\t\n\t\t\n\t\t\n\t<\/form><!--end #edd_purchase_1031-->\n\t<\/div>\n\n\t<\/div>\n\n<\/div>\n\n<div class=\"edd_download\" id=\"edd_download_1030\">\n\n\t<div class=\"edd_download_inner\">\n\n\t\t<h3 class=\"edd_download_title\"><a href=\"https:\/\/license.deratix.com\/sk\/downloads\/5-pouzivatelov\/\">+5 U\u017cytkownik\u00f3w<\/a><\/h3>\n\n<div class=\"edd_download_excerpt\">\n\t<p>Dodaj 5 kolejnych u\u017cytkownik\u00f3w do swojego planu Deratix.<\/p>\n<\/div>\n<div class=\"edd_download_buy_button\">\n\t\t<form id=\"edd_purchase_1030\" class=\"edd_download_purchase_form edd_purchase_1030\" method=\"post\">\n\n\t\t\t<div class=\"edd_price_options edd_single_mode\" >\n\t\t<ul>\n\t\t\t<li id=\"edd_price_option_1030_miesicznie\"><label for=\"edd_price_option_1030_0\"><input type=\"radio\"  checked='checked' name=\"edd_options[price_id][]\" id=\"edd_price_option_1030_0\" class=\"edd_price_option_1030\" value=\"0\" data-price=\"29.00\"\/>&nbsp;<span class=\"edd_price_option_name\">Miesi\u0119cznie<\/span><span class=\"edd_price_option_sep\">&nbsp;&ndash;&nbsp;<\/span><span class=\"edd_price_option_price\">29,00&euro;<\/span><\/label><\/li><li id=\"edd_price_option_1030_rocznie\"><label for=\"edd_price_option_1030_1\"><input type=\"radio\"  name=\"edd_options[price_id][]\" id=\"edd_price_option_1030_1\" class=\"edd_price_option_1030\" value=\"1\" data-price=\"290.00\"\/>&nbsp;<span class=\"edd_price_option_name\">Rocznie<\/span><span class=\"edd_price_option_sep\">&nbsp;&ndash;&nbsp;<\/span><span class=\"edd_price_option_price\">290,00&euro;<\/span><\/label><\/li>\t\t<\/ul>\n\t<\/div><!--end .edd_price_options-->\n\t\n\t\t<div class=\"edd_purchase_submit_wrapper\">\n\t\t\t<button class=\"edd-add-to-cart button blue edd-submit\" data-nonce=\"a80353f140\" data-timestamp=\"1775247207\" data-token=\"becfbb78ffce90001be10899f69d34c761e4be43fa9a9f79d4df9e4404105aa4\" data-action=\"edd_add_to_cart\" data-download-id=\"1030\"  data-variable-price=\"yes\" data-price-mode=single data-price=\"0.00\" ><span class=\"edd-add-to-cart-label\">Kup<\/span> <span class=\"edd-loading\" aria-label=\"\u0141adowanie\"><\/span><\/button><input type=\"submit\" class=\"edd-add-to-cart edd-no-js button blue edd-submit\" name=\"edd_purchase_download\" value=\"Kup\" data-action=\"edd_add_to_cart\" data-download-id=\"1030\"  data-variable-price=\"yes\" data-price-mode=single \/><a href=\"https:\/\/license.deratix.com\/pl\/zamowienie\/\" class=\"edd_go_to_checkout button blue edd-submit\" style=\"display:none;\">Kasa<\/a>\n\t\t\t\t\t\t\t<span class=\"edd-cart-ajax-alert\" aria-live=\"assertive\">\n\t\t\t\t\t<span class=\"edd-cart-added-alert\" style=\"display: none;\">\n\t\t\t\t\t\t<svg class=\"edd-icon edd-icon-check\" xmlns=\"http:\/\/www.w3.org\/2000\/svg\" width=\"28\" height=\"28\" viewBox=\"0 0 28 28\" aria-hidden=\"true\">\n\t\t\t\t\t\t\t<path d=\"M26.11 8.844c0 .39-.157.78-.44 1.062L12.234 23.344c-.28.28-.672.438-1.062.438s-.78-.156-1.06-.438l-7.782-7.78c-.28-.282-.438-.673-.438-1.063s.156-.78.438-1.06l2.125-2.126c.28-.28.672-.438 1.062-.438s.78.156 1.062.438l4.594 4.61L21.42 5.656c.282-.28.673-.438 1.063-.438s.78.155 1.062.437l2.125 2.125c.28.28.438.672.438 1.062z\"\/>\n\t\t\t\t\t\t<\/svg>\n\t\t\t\t\t\tDodano do koszyka\t\t\t\t\t<\/span>\n\t\t\t\t<\/span>\n\t\t\t\t\t\t\t\t\t\t\t\t\t\t\t<\/div><!--end .edd_purchase_submit_wrapper-->\n\n\t\t<input type=\"hidden\" name=\"download_id\" value=\"1030\">\n\t\t\t\t\t\t\t<input type=\"hidden\" name=\"edd_action\" class=\"edd_action_input\" value=\"add_to_cart\">\n\t\t\n\t\t\n\t\t\n\t<\/form><!--end #edd_purchase_1030-->\n\t<\/div>\n\n\t<\/div>\n\n<\/div>\n\n\t\t\t\n\t\t\t\n\t\t<\/div>\n\n\t\t\n","protected":false},"excerpt":{"rendered":"<p>Dodaj 5 kolejnych u\u017cytkownik\u00f3w do swojego planu Deratix.<\/p>\n","protected":false},"author":0,"featured_media":0,"parent":0,"menu_order":0,"comment_status":"closed","ping_status":"closed","template":"","meta":{"footnotes":""},"class_list":["post-1143","page","type-page","status-publish","hentry"],"_links":{"self":[{"href":"https:\/\/license.deratix.com\/pl\/wp-json\/wp\/v2\/pages\/1143","targetHints":{"allow":["GET"]}}],"collection":[{"href":"https:\/\/license.deratix.com\/pl\/wp-json\/wp\/v2\/pages"}],"about":[{"href":"https:\/\/license.deratix.com\/pl\/wp-json\/wp\/v2\/types\/page"}],"replies":[{"embeddable":true,"href":"https:\/\/license.deratix.com\/pl\/wp-json\/wp\/v2\/comments?post=1143"}],"version-history":[{"count":2,"href":"https:\/\/license.deratix.com\/pl\/wp-json\/wp\/v2\/pages\/1143\/revisions"}],"predecessor-version":[{"id":1236,"href":"https:\/\/license.deratix.com\/pl\/wp-json\/wp\/v2\/pages\/1143\/revisions\/1236"}],"wp:attachment":[{"href":"https:\/\/license.deratix.com\/pl\/wp-json\/wp\/v2\/media?parent=1143"}],"curies":[{"name":"wp","href":"https:\/\/api.w.org\/{rel}","templated":true}]}}