{"id":1006,"date":"2026-02-14T15:59:21","date_gmt":"2026-02-14T15:59:21","guid":{"rendered":"https:\/\/license.deratix.com\/moj-ucet\/"},"modified":"2026-02-14T16:28:36","modified_gmt":"2026-02-14T16:28:36","slug":"moj-ucet","status":"publish","type":"page","link":"https:\/\/license.deratix.com\/sk\/moj-ucet\/","title":{"rendered":"M\u00f4j \u00fa\u010det"},"content":{"rendered":"\n\n<div class=\"wp-block-group alignwide deratix-dashboard is-layout-flow wp-block-group-is-layout-flow\">\n\n\t\n\t<div class=\"wp-block-group deratix-dashboard-card is-layout-flow wp-block-group-is-layout-flow\">\n\t\t\n\t\t<h3 class=\"wp-block-heading\">Predplatn\u00e9<\/h3>\n\t\t\n\t\t\n\n\t<\/div>\n\t\n\n\t\n\t<div class=\"wp-block-group deratix-dashboard-card is-layout-flow wp-block-group-is-layout-flow\">\n\t\t\n\t\t<h3 class=\"wp-block-heading\">Hist\u00f3ria objedn\u00e1vok<\/h3>\n\t\t\n\t\t\n\n\t<\/div>\n\t\n\n<\/div>\n\n\n\n<div class=\"wp-block-group alignwide deratix-dashboard deratix-dashboard--grid is-layout-flow wp-block-group-is-layout-flow\" style=\"margin-top:1.5rem\">\n\n\t\n\t<div class=\"wp-block-group deratix-dashboard-card deratix-dashboard-card--link is-layout-flow wp-block-group-is-layout-flow\">\n\t\t\n\t\t<h3 class=\"wp-block-heading\">Profil<\/h3>\n\t\t\n\t\t\n\t\t<p>Osobn\u00e9 \u00fadaje a nastavenia \u00fa\u010dtu.<\/p>\n\t\t\n\t\t\n\t\t<p><a href=\"\/sk\/profil\/\" class=\"card-link\">Upravi\u0165 profil &rarr;<\/a><\/p>\n\t\t\n\t<\/div>\n\t\n\n\t\n\t<div class=\"wp-block-group deratix-dashboard-card deratix-dashboard-card--link is-layout-flow wp-block-group-is-layout-flow\">\n\t\t\n\t\t<h3 class=\"wp-block-heading\">Pou\u017e\u00edvatelia<\/h3>\n\t\t\n\t\t\n\t\t<p>Potrebujete viac pou\u017e\u00edvate\u013eov?<\/p>\n\t\t\n\t\t\n\t\t<p><a href=\"\/sk\/cennik\/\" class=\"card-link\">Pozrie\u0165 doplnky &rarr;<\/a><\/p>\n\t\t\n\t<\/div>\n\t\n\n<\/div>\n\n","protected":false},"excerpt":{"rendered":"","protected":false},"author":0,"featured_media":0,"parent":0,"menu_order":0,"comment_status":"closed","ping_status":"closed","template":"page-moj-ucet","meta":{"footnotes":""},"class_list":["post-1006","page","type-page","status-publish","hentry"],"_links":{"self":[{"href":"https:\/\/license.deratix.com\/sk\/wp-json\/wp\/v2\/pages\/1006","targetHints":{"allow":["GET"]}}],"collection":[{"href":"https:\/\/license.deratix.com\/sk\/wp-json\/wp\/v2\/pages"}],"about":[{"href":"https:\/\/license.deratix.com\/sk\/wp-json\/wp\/v2\/types\/page"}],"replies":[{"embeddable":true,"href":"https:\/\/license.deratix.com\/sk\/wp-json\/wp\/v2\/comments?post=1006"}],"version-history":[{"count":1,"href":"https:\/\/license.deratix.com\/sk\/wp-json\/wp\/v2\/pages\/1006\/revisions"}],"predecessor-version":[{"id":1016,"href":"https:\/\/license.deratix.com\/sk\/wp-json\/wp\/v2\/pages\/1006\/revisions\/1016"}],"wp:attachment":[{"href":"https:\/\/license.deratix.com\/sk\/wp-json\/wp\/v2\/media?parent=1006"}],"curies":[{"name":"wp","href":"https:\/\/api.w.org\/{rel}","templated":true}]}}