{"id":1008,"date":"2026-02-14T15:59:42","date_gmt":"2026-02-14T15:59:42","guid":{"rendered":"https:\/\/license.deratix.com\/profil\/"},"modified":"2026-02-14T15:59:42","modified_gmt":"2026-02-14T15:59:42","slug":"profil","status":"publish","type":"page","link":"https:\/\/license.deratix.com\/sk\/profil\/","title":{"rendered":"Profil"},"content":{"rendered":"<p class=\"edd-logged-out\">You need to log in to edit your profile.<\/p>\t<form id=\"edd_login_form\" class=\"edd_form\" action=\"\" method=\"post\">\n\t\t<fieldset>\n\t\t\t<legend>Prihl\u00e1ste sa do \u00fa\u010dtu<\/legend>\n\t\t\t\t\t\t<p class=\"edd-login-username\">\n\t\t\t\t<label for=\"edd_user_login\">Pou\u017e\u00edvate\u013esk\u00e9 meno alebo e-mail<\/label>\n\t\t\t\t<input name=\"edd_user_login\" id=\"edd_user_login\" class=\"edd-required edd-input\" type=\"text\"\/>\n\t\t\t<\/p>\n\t\t\t<p class=\"edd-login-password\">\n\t\t\t\t<label for=\"edd_user_pass\">Heslo<\/label>\n\t\t\t\t<input name=\"edd_user_pass\" id=\"edd_user_pass\" class=\"edd-password edd-required edd-input\" type=\"password\"\/>\n\t\t\t<\/p>\n\t\t\t<p class=\"edd-login-remember\">\n\t\t\t\t<label><input name=\"rememberme\" type=\"checkbox\" id=\"rememberme\" value=\"forever\" \/> Zapam\u00e4ta\u0165 si ma<\/label>\n\t\t\t<\/p>\n\t\t\t<p class=\"edd-login-submit\">\n\t\t\t\t<input type=\"hidden\" name=\"edd_redirect\" value=\"https:\/\/license.deratix.com\/sk\/wp-json\/wp\/v2\/pages\/1008\/\"\/>\n\t\t\t\t<input type=\"hidden\" name=\"edd_login_nonce\" value=\"a944cff25a\"\/>\n\t\t\t\t<input type=\"hidden\" name=\"edd_action\" value=\"user_login\"\/>\n\t\t\t\t<input id=\"edd_login_submit\" type=\"submit\" class=\"edd-submit\" value=\"Prihl\u00e1si\u0165 sa\"\/>\n\t\t\t<\/p>\n\t\t\t<p class=\"edd-lost-password\">\n\t\t\t\t<a href=\"https:\/\/license.deratix.com\/sk\/wp-login.php?action=lostpassword&#038;edd_forgot_password=confirm\">\n\t\t\t\t\tZabudli ste heslo?\t\t\t\t<\/a>\n\t\t\t<\/p>\n\t\t\t\t\t<\/fieldset>\n\t<\/form>\n\n","protected":false},"excerpt":{"rendered":"","protected":false},"author":0,"featured_media":0,"parent":0,"menu_order":0,"comment_status":"closed","ping_status":"closed","template":"","meta":{"footnotes":""},"class_list":["post-1008","page","type-page","status-publish","hentry"],"_links":{"self":[{"href":"https:\/\/license.deratix.com\/sk\/wp-json\/wp\/v2\/pages\/1008","targetHints":{"allow":["GET"]}}],"collection":[{"href":"https:\/\/license.deratix.com\/sk\/wp-json\/wp\/v2\/pages"}],"about":[{"href":"https:\/\/license.deratix.com\/sk\/wp-json\/wp\/v2\/types\/page"}],"replies":[{"embeddable":true,"href":"https:\/\/license.deratix.com\/sk\/wp-json\/wp\/v2\/comments?post=1008"}],"version-history":[{"count":0,"href":"https:\/\/license.deratix.com\/sk\/wp-json\/wp\/v2\/pages\/1008\/revisions"}],"wp:attachment":[{"href":"https:\/\/license.deratix.com\/sk\/wp-json\/wp\/v2\/media?parent=1008"}],"curies":[{"name":"wp","href":"https:\/\/api.w.org\/{rel}","templated":true}]}}