{"id":1041,"date":"2026-02-15T21:47:29","date_gmt":"2026-02-15T20:47:29","guid":{"rendered":"https:\/\/license.deratix.com\/cennik\/"},"modified":"2026-02-24T17:46:10","modified_gmt":"2026-02-24T16:46:10","slug":"cennik","status":"publish","type":"page","link":"https:\/\/license.deratix.com\/sk\/cennik\/","title":{"rendered":"Cenn\u00edk"},"content":{"rendered":"\n<h2 class=\"wp-block-heading\">Pl\u00e1ny<\/h2>\n\n\n\n\t\t<div class=\"edd_downloads_list edd_download_columns_1 \">\n\n\t\t\t\n\t\t\t\n<div class=\"edd_download\" id=\"edd_download_980\">\n\n\t<div class=\"edd_download_inner\">\n\n\t\t<h3 class=\"edd_download_title\"><a href=\"https:\/\/license.deratix.com\/sk\/downloads\/deratix\/\">Deratix<\/a><\/h3>\n\n<div class=\"edd_download_excerpt\">\n\t<\/div>\n<div class=\"edd_download_buy_button\">\n\t\t<form id=\"edd_purchase_980\" class=\"edd_download_purchase_form edd_purchase_980\" method=\"post\">\n\n\t\t\t<div class=\"edd_price_options edd_single_mode\" >\n\t\t<ul>\n\t\t\t<li id=\"edd_price_option_980_trial\"><label for=\"edd_price_option_980_0\"><input type=\"radio\"  name=\"edd_options[price_id][]\" id=\"edd_price_option_980_0\" class=\"edd_price_option_980\" value=\"0\" data-price=\"0.00\"\/>&nbsp;<span class=\"edd_price_option_name\">Trial<\/span><span class=\"edd_price_option_sep\">&nbsp;&ndash;&nbsp;<\/span><span class=\"edd_price_option_price\">0,00&euro;<\/span><\/label><\/li><li id=\"edd_price_option_980_startermesane\"><label for=\"edd_price_option_980_1\"><input type=\"radio\"  checked='checked' name=\"edd_options[price_id][]\" id=\"edd_price_option_980_1\" class=\"edd_price_option_980\" value=\"1\" data-price=\"69.00\"\/>&nbsp;<span class=\"edd_price_option_name\">Starter \u2014 Mesa\u010dne<\/span><span class=\"edd_price_option_sep\">&nbsp;&ndash;&nbsp;<\/span><span class=\"edd_price_option_price\">69,00&euro;<\/span><\/label><\/li><li id=\"edd_price_option_980_businessmesane\"><label for=\"edd_price_option_980_2\"><input type=\"radio\"  name=\"edd_options[price_id][]\" id=\"edd_price_option_980_2\" class=\"edd_price_option_980\" value=\"2\" data-price=\"99.00\"\/>&nbsp;<span class=\"edd_price_option_name\">Business \u2014 Mesa\u010dne<\/span><span class=\"edd_price_option_sep\">&nbsp;&ndash;&nbsp;<\/span><span class=\"edd_price_option_price\">99,00&euro;<\/span><\/label><\/li><li id=\"edd_price_option_980_premiummesane\"><label for=\"edd_price_option_980_3\"><input type=\"radio\"  name=\"edd_options[price_id][]\" id=\"edd_price_option_980_3\" class=\"edd_price_option_980\" value=\"3\" data-price=\"149.00\"\/>&nbsp;<span class=\"edd_price_option_name\">Premium \u2014 Mesa\u010dne<\/span><span class=\"edd_price_option_sep\">&nbsp;&ndash;&nbsp;<\/span><span class=\"edd_price_option_price\">149,00&euro;<\/span><\/label><\/li><li id=\"edd_price_option_980_starterrone\"><label for=\"edd_price_option_980_4\"><input type=\"radio\"  name=\"edd_options[price_id][]\" id=\"edd_price_option_980_4\" class=\"edd_price_option_980\" value=\"4\" data-price=\"690.00\"\/>&nbsp;<span class=\"edd_price_option_name\">Starter \u2014 Ro\u010dne<\/span><span class=\"edd_price_option_sep\">&nbsp;&ndash;&nbsp;<\/span><span class=\"edd_price_option_price\">690,00&euro;<\/span><\/label><\/li><li id=\"edd_price_option_980_businessrone\"><label for=\"edd_price_option_980_5\"><input type=\"radio\"  name=\"edd_options[price_id][]\" id=\"edd_price_option_980_5\" class=\"edd_price_option_980\" value=\"5\" data-price=\"990.00\"\/>&nbsp;<span class=\"edd_price_option_name\">Business \u2014 Ro\u010dne<\/span><span class=\"edd_price_option_sep\">&nbsp;&ndash;&nbsp;<\/span><span class=\"edd_price_option_price\">990,00&euro;<\/span><\/label><\/li><li id=\"edd_price_option_980_premiumrone\"><label for=\"edd_price_option_980_6\"><input type=\"radio\"  name=\"edd_options[price_id][]\" id=\"edd_price_option_980_6\" class=\"edd_price_option_980\" value=\"6\" data-price=\"1490.00\"\/>&nbsp;<span class=\"edd_price_option_name\">Premium \u2014 Ro\u010dne<\/span><span class=\"edd_price_option_sep\">&nbsp;&ndash;&nbsp;<\/span><span class=\"edd_price_option_price\">1.490,00&euro;<\/span><\/label><\/li>\t\t<\/ul>\n\t<\/div><!--end .edd_price_options-->\n\t\n\t\t<div class=\"edd_purchase_submit_wrapper\">\n\t\t\t<button class=\"edd-add-to-cart button blue edd-submit\" data-nonce=\"5bd79f73cc\" data-timestamp=\"1775247213\" data-token=\"2e36c0143fe376f4073a30b87ef3f981180774b37ebc0257bca25f2ced59c900\" data-action=\"edd_add_to_cart\" data-download-id=\"980\"  data-variable-price=\"yes\" data-price-mode=single data-price=\"0.00\" ><span class=\"edd-add-to-cart-label\">K\u00fapi\u0165<\/span> <span class=\"edd-loading\" aria-label=\"Na\u010d\u00edtavam\"><\/span><\/button><input type=\"submit\" class=\"edd-add-to-cart edd-no-js button blue edd-submit\" name=\"edd_purchase_download\" value=\"K\u00fapi\u0165\" data-action=\"edd_add_to_cart\" data-download-id=\"980\"  data-variable-price=\"yes\" data-price-mode=single \/><a href=\"https:\/\/license.deratix.com\/sk\/objednavka\/\" class=\"edd_go_to_checkout button blue edd-submit\" style=\"display:none;\">Poklad\u0148a<\/a>\n\t\t\t\t\t\t\t<span class=\"edd-cart-ajax-alert\" aria-live=\"assertive\">\n\t\t\t\t\t<span class=\"edd-cart-added-alert\" style=\"display: none;\">\n\t\t\t\t\t\t<svg class=\"edd-icon edd-icon-check\" xmlns=\"http:\/\/www.w3.org\/2000\/svg\" width=\"28\" height=\"28\" viewBox=\"0 0 28 28\" aria-hidden=\"true\">\n\t\t\t\t\t\t\t<path d=\"M26.11 8.844c0 .39-.157.78-.44 1.062L12.234 23.344c-.28.28-.672.438-1.062.438s-.78-.156-1.06-.438l-7.782-7.78c-.28-.282-.438-.673-.438-1.063s.156-.78.438-1.06l2.125-2.126c.28-.28.672-.438 1.062-.438s.78.156 1.062.438l4.594 4.61L21.42 5.656c.282-.28.673-.438 1.063-.438s.78.155 1.062.437l2.125 2.125c.28.28.438.672.438 1.062z\"\/>\n\t\t\t\t\t\t<\/svg>\n\t\t\t\t\t\tPridan\u00e9 do ko\u0161\u00edka\t\t\t\t\t<\/span>\n\t\t\t\t<\/span>\n\t\t\t\t\t\t\t\t\t\t\t\t\t\t\t<\/div><!--end .edd_purchase_submit_wrapper-->\n\n\t\t<input type=\"hidden\" name=\"download_id\" value=\"980\">\n\t\t\t\t\t\t\t<input type=\"hidden\" name=\"edd_action\" class=\"edd_action_input\" value=\"add_to_cart\">\n\t\t\n\t\t\n\t\t\n\t<\/form><!--end #edd_purchase_980-->\n\t<\/div>\n\n\t<\/div>\n\n<\/div>\n\n\t\t\t\n\t\t\t\n\t\t<\/div>\n\n\t\t\n\n\n\n<h2 class=\"wp-block-heading\" style=\"margin-top:3rem\">Doplnky \u2014 viac pou\u017e\u00edvate\u013eov<\/h2>\n\n\n\n\t\t<div class=\"edd_downloads_list edd_download_columns_1 \">\n\n\t\t\t\n\t\t\t\n<div class=\"edd_download\" id=\"edd_download_1032\">\n\n\t<div class=\"edd_download_inner\">\n\n\t\t<h3 class=\"edd_download_title\"><a href=\"https:\/\/license.deratix.com\/sk\/downloads\/100-pouzivatelov\/\">+100 Pou\u017e\u00edvate\u013eov<\/a><\/h3>\n\n<div class=\"edd_download_excerpt\">\n\t<p>Pridajte 100 \u010fal\u0161\u00edch pou\u017e\u00edvate\u013eov k v\u00e1\u0161mu Deratix pl\u00e1nu.<\/p>\n<\/div>\n<div class=\"edd_download_buy_button\">\n\t\t<form id=\"edd_purchase_1032\" class=\"edd_download_purchase_form edd_purchase_1032\" method=\"post\">\n\n\t\t\t<div class=\"edd_price_options edd_single_mode\" >\n\t\t<ul>\n\t\t\t<li id=\"edd_price_option_1032_mesane\"><label for=\"edd_price_option_1032_0\"><input type=\"radio\"  checked='checked' name=\"edd_options[price_id][]\" id=\"edd_price_option_1032_0\" class=\"edd_price_option_1032\" value=\"0\" data-price=\"79.00\"\/>&nbsp;<span class=\"edd_price_option_name\">Mesa\u010dne<\/span><span class=\"edd_price_option_sep\">&nbsp;&ndash;&nbsp;<\/span><span class=\"edd_price_option_price\">79,00&euro;<\/span><\/label><\/li><li id=\"edd_price_option_1032_rone\"><label for=\"edd_price_option_1032_1\"><input type=\"radio\"  name=\"edd_options[price_id][]\" id=\"edd_price_option_1032_1\" class=\"edd_price_option_1032\" value=\"1\" data-price=\"790.00\"\/>&nbsp;<span class=\"edd_price_option_name\">Ro\u010dne<\/span><span class=\"edd_price_option_sep\">&nbsp;&ndash;&nbsp;<\/span><span class=\"edd_price_option_price\">790,00&euro;<\/span><\/label><\/li>\t\t<\/ul>\n\t<\/div><!--end .edd_price_options-->\n\t\n\t\t<div class=\"edd_purchase_submit_wrapper\">\n\t\t\t<button class=\"edd-add-to-cart button blue edd-submit\" data-nonce=\"9defc9f383\" data-timestamp=\"1775247213\" data-token=\"2e36c0143fe376f4073a30b87ef3f981180774b37ebc0257bca25f2ced59c900\" data-action=\"edd_add_to_cart\" data-download-id=\"1032\"  data-variable-price=\"yes\" data-price-mode=single data-price=\"0.00\" ><span class=\"edd-add-to-cart-label\">K\u00fapi\u0165<\/span> <span class=\"edd-loading\" aria-label=\"Na\u010d\u00edtavam\"><\/span><\/button><input type=\"submit\" class=\"edd-add-to-cart edd-no-js button blue edd-submit\" name=\"edd_purchase_download\" value=\"K\u00fapi\u0165\" data-action=\"edd_add_to_cart\" data-download-id=\"1032\"  data-variable-price=\"yes\" data-price-mode=single \/><a href=\"https:\/\/license.deratix.com\/sk\/objednavka\/\" class=\"edd_go_to_checkout button blue edd-submit\" style=\"display:none;\">Poklad\u0148a<\/a>\n\t\t\t\t\t\t\t<span class=\"edd-cart-ajax-alert\" aria-live=\"assertive\">\n\t\t\t\t\t<span class=\"edd-cart-added-alert\" style=\"display: none;\">\n\t\t\t\t\t\t<svg class=\"edd-icon edd-icon-check\" xmlns=\"http:\/\/www.w3.org\/2000\/svg\" width=\"28\" height=\"28\" viewBox=\"0 0 28 28\" aria-hidden=\"true\">\n\t\t\t\t\t\t\t<path d=\"M26.11 8.844c0 .39-.157.78-.44 1.062L12.234 23.344c-.28.28-.672.438-1.062.438s-.78-.156-1.06-.438l-7.782-7.78c-.28-.282-.438-.673-.438-1.063s.156-.78.438-1.06l2.125-2.126c.28-.28.672-.438 1.062-.438s.78.156 1.062.438l4.594 4.61L21.42 5.656c.282-.28.673-.438 1.063-.438s.78.155 1.062.437l2.125 2.125c.28.28.438.672.438 1.062z\"\/>\n\t\t\t\t\t\t<\/svg>\n\t\t\t\t\t\tPridan\u00e9 do ko\u0161\u00edka\t\t\t\t\t<\/span>\n\t\t\t\t<\/span>\n\t\t\t\t\t\t\t\t\t\t\t\t\t\t\t<\/div><!--end .edd_purchase_submit_wrapper-->\n\n\t\t<input type=\"hidden\" name=\"download_id\" value=\"1032\">\n\t\t\t\t\t\t\t<input type=\"hidden\" name=\"edd_action\" class=\"edd_action_input\" value=\"add_to_cart\">\n\t\t\n\t\t\n\t\t\n\t<\/form><!--end #edd_purchase_1032-->\n\t<\/div>\n\n\t<\/div>\n\n<\/div>\n\n<div class=\"edd_download\" id=\"edd_download_1031\">\n\n\t<div class=\"edd_download_inner\">\n\n\t\t<h3 class=\"edd_download_title\"><a href=\"https:\/\/license.deratix.com\/sk\/downloads\/10-pouzivatelov\/\">+10 Pou\u017e\u00edvate\u013eov<\/a><\/h3>\n\n<div class=\"edd_download_excerpt\">\n\t<p>Pridajte 10 \u010fal\u0161\u00edch pou\u017e\u00edvate\u013eov k v\u00e1\u0161mu Deratix pl\u00e1nu.<\/p>\n<\/div>\n<div class=\"edd_download_buy_button\">\n\t\t<form id=\"edd_purchase_1031\" class=\"edd_download_purchase_form edd_purchase_1031\" method=\"post\">\n\n\t\t\t<div class=\"edd_price_options edd_single_mode\" >\n\t\t<ul>\n\t\t\t<li id=\"edd_price_option_1031_mesane\"><label for=\"edd_price_option_1031_0\"><input type=\"radio\"  checked='checked' name=\"edd_options[price_id][]\" id=\"edd_price_option_1031_0\" class=\"edd_price_option_1031\" value=\"0\" data-price=\"49.00\"\/>&nbsp;<span class=\"edd_price_option_name\">Mesa\u010dne<\/span><span class=\"edd_price_option_sep\">&nbsp;&ndash;&nbsp;<\/span><span class=\"edd_price_option_price\">49,00&euro;<\/span><\/label><\/li><li id=\"edd_price_option_1031_rone\"><label for=\"edd_price_option_1031_1\"><input type=\"radio\"  name=\"edd_options[price_id][]\" id=\"edd_price_option_1031_1\" class=\"edd_price_option_1031\" value=\"1\" data-price=\"490.00\"\/>&nbsp;<span class=\"edd_price_option_name\">Ro\u010dne<\/span><span class=\"edd_price_option_sep\">&nbsp;&ndash;&nbsp;<\/span><span class=\"edd_price_option_price\">490,00&euro;<\/span><\/label><\/li>\t\t<\/ul>\n\t<\/div><!--end .edd_price_options-->\n\t\n\t\t<div class=\"edd_purchase_submit_wrapper\">\n\t\t\t<button class=\"edd-add-to-cart button blue edd-submit\" data-nonce=\"4952185a72\" data-timestamp=\"1775247213\" data-token=\"2e36c0143fe376f4073a30b87ef3f981180774b37ebc0257bca25f2ced59c900\" data-action=\"edd_add_to_cart\" data-download-id=\"1031\"  data-variable-price=\"yes\" data-price-mode=single data-price=\"0.00\" ><span class=\"edd-add-to-cart-label\">K\u00fapi\u0165<\/span> <span class=\"edd-loading\" aria-label=\"Na\u010d\u00edtavam\"><\/span><\/button><input type=\"submit\" class=\"edd-add-to-cart edd-no-js button blue edd-submit\" name=\"edd_purchase_download\" value=\"K\u00fapi\u0165\" data-action=\"edd_add_to_cart\" data-download-id=\"1031\"  data-variable-price=\"yes\" data-price-mode=single \/><a href=\"https:\/\/license.deratix.com\/sk\/objednavka\/\" class=\"edd_go_to_checkout button blue edd-submit\" style=\"display:none;\">Poklad\u0148a<\/a>\n\t\t\t\t\t\t\t<span class=\"edd-cart-ajax-alert\" aria-live=\"assertive\">\n\t\t\t\t\t<span class=\"edd-cart-added-alert\" style=\"display: none;\">\n\t\t\t\t\t\t<svg class=\"edd-icon edd-icon-check\" xmlns=\"http:\/\/www.w3.org\/2000\/svg\" width=\"28\" height=\"28\" viewBox=\"0 0 28 28\" aria-hidden=\"true\">\n\t\t\t\t\t\t\t<path d=\"M26.11 8.844c0 .39-.157.78-.44 1.062L12.234 23.344c-.28.28-.672.438-1.062.438s-.78-.156-1.06-.438l-7.782-7.78c-.28-.282-.438-.673-.438-1.063s.156-.78.438-1.06l2.125-2.126c.28-.28.672-.438 1.062-.438s.78.156 1.062.438l4.594 4.61L21.42 5.656c.282-.28.673-.438 1.063-.438s.78.155 1.062.437l2.125 2.125c.28.28.438.672.438 1.062z\"\/>\n\t\t\t\t\t\t<\/svg>\n\t\t\t\t\t\tPridan\u00e9 do ko\u0161\u00edka\t\t\t\t\t<\/span>\n\t\t\t\t<\/span>\n\t\t\t\t\t\t\t\t\t\t\t\t\t\t\t<\/div><!--end .edd_purchase_submit_wrapper-->\n\n\t\t<input type=\"hidden\" name=\"download_id\" value=\"1031\">\n\t\t\t\t\t\t\t<input type=\"hidden\" name=\"edd_action\" class=\"edd_action_input\" value=\"add_to_cart\">\n\t\t\n\t\t\n\t\t\n\t<\/form><!--end #edd_purchase_1031-->\n\t<\/div>\n\n\t<\/div>\n\n<\/div>\n\n<div class=\"edd_download\" id=\"edd_download_1030\">\n\n\t<div class=\"edd_download_inner\">\n\n\t\t<h3 class=\"edd_download_title\"><a href=\"https:\/\/license.deratix.com\/sk\/downloads\/5-pouzivatelov\/\">+5 Pou\u017e\u00edvate\u013eov<\/a><\/h3>\n\n<div class=\"edd_download_excerpt\">\n\t<p>Pridajte 5 \u010fal\u0161\u00edch pou\u017e\u00edvate\u013eov k v\u00e1\u0161mu Deratix pl\u00e1nu.<\/p>\n<\/div>\n<div class=\"edd_download_buy_button\">\n\t\t<form id=\"edd_purchase_1030\" class=\"edd_download_purchase_form edd_purchase_1030\" method=\"post\">\n\n\t\t\t<div class=\"edd_price_options edd_single_mode\" >\n\t\t<ul>\n\t\t\t<li id=\"edd_price_option_1030_mesane\"><label for=\"edd_price_option_1030_0\"><input type=\"radio\"  checked='checked' name=\"edd_options[price_id][]\" id=\"edd_price_option_1030_0\" class=\"edd_price_option_1030\" value=\"0\" data-price=\"29.00\"\/>&nbsp;<span class=\"edd_price_option_name\">Mesa\u010dne<\/span><span class=\"edd_price_option_sep\">&nbsp;&ndash;&nbsp;<\/span><span class=\"edd_price_option_price\">29,00&euro;<\/span><\/label><\/li><li id=\"edd_price_option_1030_rone\"><label for=\"edd_price_option_1030_1\"><input type=\"radio\"  name=\"edd_options[price_id][]\" id=\"edd_price_option_1030_1\" class=\"edd_price_option_1030\" value=\"1\" data-price=\"290.00\"\/>&nbsp;<span class=\"edd_price_option_name\">Ro\u010dne<\/span><span class=\"edd_price_option_sep\">&nbsp;&ndash;&nbsp;<\/span><span class=\"edd_price_option_price\">290,00&euro;<\/span><\/label><\/li>\t\t<\/ul>\n\t<\/div><!--end .edd_price_options-->\n\t\n\t\t<div class=\"edd_purchase_submit_wrapper\">\n\t\t\t<button class=\"edd-add-to-cart button blue edd-submit\" data-nonce=\"a80353f140\" data-timestamp=\"1775247213\" data-token=\"2e36c0143fe376f4073a30b87ef3f981180774b37ebc0257bca25f2ced59c900\" data-action=\"edd_add_to_cart\" data-download-id=\"1030\"  data-variable-price=\"yes\" data-price-mode=single data-price=\"0.00\" ><span class=\"edd-add-to-cart-label\">K\u00fapi\u0165<\/span> <span class=\"edd-loading\" aria-label=\"Na\u010d\u00edtavam\"><\/span><\/button><input type=\"submit\" class=\"edd-add-to-cart edd-no-js button blue edd-submit\" name=\"edd_purchase_download\" value=\"K\u00fapi\u0165\" data-action=\"edd_add_to_cart\" data-download-id=\"1030\"  data-variable-price=\"yes\" data-price-mode=single \/><a href=\"https:\/\/license.deratix.com\/sk\/objednavka\/\" class=\"edd_go_to_checkout button blue edd-submit\" style=\"display:none;\">Poklad\u0148a<\/a>\n\t\t\t\t\t\t\t<span class=\"edd-cart-ajax-alert\" aria-live=\"assertive\">\n\t\t\t\t\t<span class=\"edd-cart-added-alert\" style=\"display: none;\">\n\t\t\t\t\t\t<svg class=\"edd-icon edd-icon-check\" xmlns=\"http:\/\/www.w3.org\/2000\/svg\" width=\"28\" height=\"28\" viewBox=\"0 0 28 28\" aria-hidden=\"true\">\n\t\t\t\t\t\t\t<path d=\"M26.11 8.844c0 .39-.157.78-.44 1.062L12.234 23.344c-.28.28-.672.438-1.062.438s-.78-.156-1.06-.438l-7.782-7.78c-.28-.282-.438-.673-.438-1.063s.156-.78.438-1.06l2.125-2.126c.28-.28.672-.438 1.062-.438s.78.156 1.062.438l4.594 4.61L21.42 5.656c.282-.28.673-.438 1.063-.438s.78.155 1.062.437l2.125 2.125c.28.28.438.672.438 1.062z\"\/>\n\t\t\t\t\t\t<\/svg>\n\t\t\t\t\t\tPridan\u00e9 do ko\u0161\u00edka\t\t\t\t\t<\/span>\n\t\t\t\t<\/span>\n\t\t\t\t\t\t\t\t\t\t\t\t\t\t\t<\/div><!--end .edd_purchase_submit_wrapper-->\n\n\t\t<input type=\"hidden\" name=\"download_id\" value=\"1030\">\n\t\t\t\t\t\t\t<input type=\"hidden\" name=\"edd_action\" class=\"edd_action_input\" value=\"add_to_cart\">\n\t\t\n\t\t\n\t\t\n\t<\/form><!--end #edd_purchase_1030-->\n\t<\/div>\n\n\t<\/div>\n\n<\/div>\n\n\t\t\t\n\t\t\t\n\t\t<\/div>\n\n\t\t\n","protected":false},"excerpt":{"rendered":"<p>Pl\u00e1ny Doplnky \u2014 viac pou\u017e\u00edvate\u013eov<\/p>\n","protected":false},"author":0,"featured_media":0,"parent":0,"menu_order":0,"comment_status":"closed","ping_status":"closed","template":"","meta":{"footnotes":""},"class_list":["post-1041","page","type-page","status-publish","hentry"],"_links":{"self":[{"href":"https:\/\/license.deratix.com\/sk\/wp-json\/wp\/v2\/pages\/1041","targetHints":{"allow":["GET"]}}],"collection":[{"href":"https:\/\/license.deratix.com\/sk\/wp-json\/wp\/v2\/pages"}],"about":[{"href":"https:\/\/license.deratix.com\/sk\/wp-json\/wp\/v2\/types\/page"}],"replies":[{"embeddable":true,"href":"https:\/\/license.deratix.com\/sk\/wp-json\/wp\/v2\/comments?post=1041"}],"version-history":[{"count":29,"href":"https:\/\/license.deratix.com\/sk\/wp-json\/wp\/v2\/pages\/1041\/revisions"}],"predecessor-version":[{"id":1231,"href":"https:\/\/license.deratix.com\/sk\/wp-json\/wp\/v2\/pages\/1041\/revisions\/1231"}],"wp:attachment":[{"href":"https:\/\/license.deratix.com\/sk\/wp-json\/wp\/v2\/media?parent=1041"}],"curies":[{"name":"wp","href":"https:\/\/api.w.org\/{rel}","templated":true}]}}