{"id":968,"date":"2025-12-04T20:00:12","date_gmt":"2025-12-04T19:00:12","guid":{"rendered":"https:\/\/license.deratix.com\/checkout\/"},"modified":"2026-02-14T17:11:51","modified_gmt":"2026-02-14T17:11:51","slug":"objednavka","status":"publish","type":"page","link":"https:\/\/license.deratix.com\/sk\/objednavka\/","title":{"rendered":"Objedn\u00e1vka"},"content":{"rendered":"<p><span class=\"edd_empty_cart\">V\u00e1\u0161 ko\u0161\u00edk je pr\u00e1zdny.<\/span><\/p>","protected":false},"excerpt":{"rendered":"","protected":false},"author":1,"featured_media":0,"parent":0,"menu_order":0,"comment_status":"closed","ping_status":"closed","template":"","meta":{"footnotes":""},"class_list":["post-968","page","type-page","status-publish","hentry"],"_links":{"self":[{"href":"https:\/\/license.deratix.com\/sk\/wp-json\/wp\/v2\/pages\/968","targetHints":{"allow":["GET"]}}],"collection":[{"href":"https:\/\/license.deratix.com\/sk\/wp-json\/wp\/v2\/pages"}],"about":[{"href":"https:\/\/license.deratix.com\/sk\/wp-json\/wp\/v2\/types\/page"}],"author":[{"embeddable":true,"href":"https:\/\/license.deratix.com\/sk\/wp-json\/wp\/v2\/users\/1"}],"replies":[{"embeddable":true,"href":"https:\/\/license.deratix.com\/sk\/wp-json\/wp\/v2\/comments?post=968"}],"version-history":[{"count":1,"href":"https:\/\/license.deratix.com\/sk\/wp-json\/wp\/v2\/pages\/968\/revisions"}],"predecessor-version":[{"id":1022,"href":"https:\/\/license.deratix.com\/sk\/wp-json\/wp\/v2\/pages\/968\/revisions\/1022"}],"wp:attachment":[{"href":"https:\/\/license.deratix.com\/sk\/wp-json\/wp\/v2\/media?parent=968"}],"curies":[{"name":"wp","href":"https:\/\/api.w.org\/{rel}","templated":true}]}}